{"id":711,"date":"2024-03-04T20:54:45","date_gmt":"2024-03-04T19:54:45","guid":{"rendered":"https:\/\/fannysensetnature.com\/?page_id=711"},"modified":"2024-05-22T20:20:25","modified_gmt":"2024-05-22T18:20:25","slug":"histoire-de-la-naturopathie","status":"publish","type":"page","link":"https:\/\/fannysensetnature.com\/index.php\/histoire-de-la-naturopathie\/","title":{"rendered":"Histoire de la Naturopathie"},"content":{"rendered":"\t\t<div data-elementor-type=\"wp-page\" data-elementor-id=\"711\" class=\"elementor elementor-711\">\n\t\t\t\t<div class=\"elementor-element elementor-element-13e9864 e-flex e-con-boxed e-con e-parent\" data-id=\"13e9864\" data-element_type=\"container\">\n\t\t\t\t\t<div class=\"e-con-inner\">\n\t\t\t\t<div class=\"elementor-element elementor-element-b64fec5 elementor-widget elementor-widget-heading\" data-id=\"b64fec5\" data-element_type=\"widget\" data-widget_type=\"heading.default\">\n\t\t\t\t<div class=\"elementor-widget-container\">\n\t\t\t<style>\/*! elementor - v3.21.0 - 20-05-2024 *\/\n.elementor-heading-title{padding:0;margin:0;line-height:1}.elementor-widget-heading .elementor-heading-title[class*=elementor-size-]>a{color:inherit;font-size:inherit;line-height:inherit}.elementor-widget-heading .elementor-heading-title.elementor-size-small{font-size:15px}.elementor-widget-heading .elementor-heading-title.elementor-size-medium{font-size:19px}.elementor-widget-heading .elementor-heading-title.elementor-size-large{font-size:29px}.elementor-widget-heading .elementor-heading-title.elementor-size-xl{font-size:39px}.elementor-widget-heading .elementor-heading-title.elementor-size-xxl{font-size:59px}<\/style><h2 class=\"elementor-heading-title elementor-size-default\">Histoire de la Naturopathie<\/h2>\t\t<\/div>\n\t\t\t\t<\/div>\n\t\t\t\t<div class=\"elementor-element elementor-element-3352547 elementor-widget elementor-widget-text-editor\" data-id=\"3352547\" data-element_type=\"widget\" data-widget_type=\"text-editor.default\">\n\t\t\t\t<div class=\"elementor-widget-container\">\n\t\t\t<style>\/*! elementor - v3.21.0 - 20-05-2024 *\/\n.elementor-widget-text-editor.elementor-drop-cap-view-stacked .elementor-drop-cap{background-color:#69727d;color:#fff}.elementor-widget-text-editor.elementor-drop-cap-view-framed .elementor-drop-cap{color:#69727d;border:3px solid;background-color:transparent}.elementor-widget-text-editor:not(.elementor-drop-cap-view-default) .elementor-drop-cap{margin-top:8px}.elementor-widget-text-editor:not(.elementor-drop-cap-view-default) .elementor-drop-cap-letter{width:1em;height:1em}.elementor-widget-text-editor .elementor-drop-cap{float:left;text-align:center;line-height:1;font-size:50px}.elementor-widget-text-editor .elementor-drop-cap-letter{display:inline-block}<\/style>\t\t\t\t<p>Hippocrate, souvent consid\u00e9r\u00e9 comme le p\u00e8re de la m\u00e9decine moderne, a profond\u00e9ment influenc\u00e9 les principes de la naturopathie par ses enseignements sur l&rsquo;importance de l&rsquo;\u00e9quilibre du corps, de l&rsquo;esprit et de l&rsquo;environnement pour maintenir la sant\u00e9.<\/p><p>Une de ces citations les plus c\u00e9l\u00e8bres, qui est souvent r\u00e9p\u00e9t\u00e9e en Naturopathie, est : \u00ab\u00a0Que ton aliment soit ton seul m\u00e9dicament.\u00a0\u00bb<\/p><p>Cette d\u00e9claration soulingne l&rsquo;importance fondamentale de la nutrition dans la promotion de la sant\u00e9 et dans la pr\u00e9vention des maladies, un principe central de la naturopathie.<\/p>\t\t\t\t\t\t<\/div>\n\t\t\t\t<\/div>\n\t\t\t\t\t<\/div>\n\t\t\t\t<\/div>\n\t\t<div class=\"elementor-element elementor-element-326d61b e-con-full e-flex e-con e-parent\" data-id=\"326d61b\" data-element_type=\"container\">\n\t\t<div class=\"elementor-element elementor-element-51b571e e-con-full e-flex e-con e-child\" data-id=\"51b571e\" data-element_type=\"container\">\n\t\t\t\t<div class=\"elementor-element elementor-element-1b64d42 elementor-widget__width-initial elementor-widget elementor-widget-image\" data-id=\"1b64d42\" data-element_type=\"widget\" data-widget_type=\"image.default\">\n\t\t\t\t<div class=\"elementor-widget-container\">\n\t\t\t<style>\/*! elementor - v3.21.0 - 20-05-2024 *\/\n.elementor-widget-image{text-align:center}.elementor-widget-image a{display:inline-block}.elementor-widget-image a img[src$=\".svg\"]{width:48px}.elementor-widget-image img{vertical-align:middle;display:inline-block}<\/style>\t\t\t\t\t\t\t\t\t\t<img fetchpriority=\"high\" decoding=\"async\" width=\"500\" height=\"500\" src=\"https:\/\/fannysensetnature.com\/wp-content\/uploads\/2024\/03\/image-hippocrate.webp\" class=\"attachment-large size-large wp-image-717\" alt=\"\" srcset=\"https:\/\/fannysensetnature.com\/wp-content\/uploads\/2024\/03\/image-hippocrate.webp 500w, https:\/\/fannysensetnature.com\/wp-content\/uploads\/2024\/03\/image-hippocrate-300x300.webp 300w, https:\/\/fannysensetnature.com\/wp-content\/uploads\/2024\/03\/image-hippocrate-150x150.webp 150w\" sizes=\"(max-width: 500px) 100vw, 500px\" \/>\t\t\t\t\t\t\t\t\t\t\t\t\t<\/div>\n\t\t\t\t<\/div>\n\t\t\t\t<\/div>\n\t\t<div class=\"elementor-element elementor-element-2492bc8 e-con-full e-flex e-con e-child\" data-id=\"2492bc8\" data-element_type=\"container\">\n\t\t\t\t<div class=\"elementor-element elementor-element-8df12cb elementor-widget elementor-widget-text-editor\" data-id=\"8df12cb\" data-element_type=\"widget\" data-widget_type=\"text-editor.default\">\n\t\t\t\t<div class=\"elementor-widget-container\">\n\t\t\t\t\t\t\t<p>Hippocrate a \u00e9galement mis l&rsquo;accent sur la capacit\u00e9 naturelle du corps \u00e0 se gu\u00e9rir lui-m\u00eame, une id\u00e9e qui est au coeur de la philosophie naturopathique.<\/p><p>Il a encourag\u00e9 les m\u00e9decins \u00e0 respecter et \u00e0 soutenir les processus de gu\u00e9rison naturels du corps, plut\u00f4t que de simplement traiter les sympt\u00f4mes des maladies.<\/p><p>Cette approche holisitque de la sant\u00e9, qui prend en compte l&rsquo;individu dans sa globalit\u00e9, est une autre pierre angulaire de la naturopathie moderne.<\/p>\t\t\t\t\t\t<\/div>\n\t\t\t\t<\/div>\n\t\t\t\t<\/div>\n\t\t<div class=\"elementor-element elementor-element-be9c859 e-con-full e-flex e-con e-child\" data-id=\"be9c859\" data-element_type=\"container\">\n\t\t\t\t<div class=\"elementor-element elementor-element-c708f68 elementor-widget-divider--view-line elementor-widget elementor-widget-divider\" data-id=\"c708f68\" data-element_type=\"widget\" data-widget_type=\"divider.default\">\n\t\t\t\t<div class=\"elementor-widget-container\">\n\t\t\t<style>\/*! elementor - v3.21.0 - 20-05-2024 *\/\n.elementor-widget-divider{--divider-border-style:none;--divider-border-width:1px;--divider-color:#0c0d0e;--divider-icon-size:20px;--divider-element-spacing:10px;--divider-pattern-height:24px;--divider-pattern-size:20px;--divider-pattern-url:none;--divider-pattern-repeat:repeat-x}.elementor-widget-divider .elementor-divider{display:flex}.elementor-widget-divider .elementor-divider__text{font-size:15px;line-height:1;max-width:95%}.elementor-widget-divider .elementor-divider__element{margin:0 var(--divider-element-spacing);flex-shrink:0}.elementor-widget-divider .elementor-icon{font-size:var(--divider-icon-size)}.elementor-widget-divider .elementor-divider-separator{display:flex;margin:0;direction:ltr}.elementor-widget-divider--view-line_icon .elementor-divider-separator,.elementor-widget-divider--view-line_text .elementor-divider-separator{align-items:center}.elementor-widget-divider--view-line_icon .elementor-divider-separator:after,.elementor-widget-divider--view-line_icon .elementor-divider-separator:before,.elementor-widget-divider--view-line_text .elementor-divider-separator:after,.elementor-widget-divider--view-line_text .elementor-divider-separator:before{display:block;content:\"\";border-block-end:0;flex-grow:1;border-block-start:var(--divider-border-width) var(--divider-border-style) var(--divider-color)}.elementor-widget-divider--element-align-left .elementor-divider .elementor-divider-separator>.elementor-divider__svg:first-of-type{flex-grow:0;flex-shrink:100}.elementor-widget-divider--element-align-left .elementor-divider-separator:before{content:none}.elementor-widget-divider--element-align-left .elementor-divider__element{margin-left:0}.elementor-widget-divider--element-align-right .elementor-divider .elementor-divider-separator>.elementor-divider__svg:last-of-type{flex-grow:0;flex-shrink:100}.elementor-widget-divider--element-align-right .elementor-divider-separator:after{content:none}.elementor-widget-divider--element-align-right .elementor-divider__element{margin-right:0}.elementor-widget-divider--element-align-start .elementor-divider .elementor-divider-separator>.elementor-divider__svg:first-of-type{flex-grow:0;flex-shrink:100}.elementor-widget-divider--element-align-start .elementor-divider-separator:before{content:none}.elementor-widget-divider--element-align-start .elementor-divider__element{margin-inline-start:0}.elementor-widget-divider--element-align-end .elementor-divider .elementor-divider-separator>.elementor-divider__svg:last-of-type{flex-grow:0;flex-shrink:100}.elementor-widget-divider--element-align-end .elementor-divider-separator:after{content:none}.elementor-widget-divider--element-align-end .elementor-divider__element{margin-inline-end:0}.elementor-widget-divider:not(.elementor-widget-divider--view-line_text):not(.elementor-widget-divider--view-line_icon) .elementor-divider-separator{border-block-start:var(--divider-border-width) var(--divider-border-style) var(--divider-color)}.elementor-widget-divider--separator-type-pattern{--divider-border-style:none}.elementor-widget-divider--separator-type-pattern.elementor-widget-divider--view-line .elementor-divider-separator,.elementor-widget-divider--separator-type-pattern:not(.elementor-widget-divider--view-line) .elementor-divider-separator:after,.elementor-widget-divider--separator-type-pattern:not(.elementor-widget-divider--view-line) .elementor-divider-separator:before,.elementor-widget-divider--separator-type-pattern:not([class*=elementor-widget-divider--view]) .elementor-divider-separator{width:100%;min-height:var(--divider-pattern-height);-webkit-mask-size:var(--divider-pattern-size) 100%;mask-size:var(--divider-pattern-size) 100%;-webkit-mask-repeat:var(--divider-pattern-repeat);mask-repeat:var(--divider-pattern-repeat);background-color:var(--divider-color);-webkit-mask-image:var(--divider-pattern-url);mask-image:var(--divider-pattern-url)}.elementor-widget-divider--no-spacing{--divider-pattern-size:auto}.elementor-widget-divider--bg-round{--divider-pattern-repeat:round}.rtl .elementor-widget-divider .elementor-divider__text{direction:rtl}.e-con-inner>.elementor-widget-divider,.e-con>.elementor-widget-divider{width:var(--container-widget-width,100%);--flex-grow:var(--container-widget-flex-grow)}<\/style>\t\t<div class=\"elementor-divider\">\n\t\t\t<span class=\"elementor-divider-separator\">\n\t\t\t\t\t\t<\/span>\n\t\t<\/div>\n\t\t\t\t<\/div>\n\t\t\t\t<\/div>\n\t\t\t\t<div class=\"elementor-element elementor-element-13211ab elementor-widget elementor-widget-text-editor\" data-id=\"13211ab\" data-element_type=\"widget\" data-widget_type=\"text-editor.default\">\n\t\t\t\t<div class=\"elementor-widget-container\">\n\t\t\t\t\t\t\t<p>En citant Hippocrate, nous honorons l&rsquo;h\u00e9ritage de la m\u00e9decine naturelle et nous reconnaissons la sagesse intemporelle de ses enseignements, qui continuent d&rsquo;inspirer et de guider les praticiens de la naturopathie dans leur travail pour promouvoir la sant\u00e9 et le bien-\u00eatre holistiques.<\/p>\t\t\t\t\t\t<\/div>\n\t\t\t\t<\/div>\n\t\t\t\t<\/div>\n\t\t\t\t<\/div>\n\t\t\t\t<\/div>\n\t\t","protected":false},"excerpt":{"rendered":"<p>Histoire de la Naturopathie Hippocrate, souvent consid\u00e9r\u00e9 comme le p\u00e8re de la m\u00e9decine moderne, a profond\u00e9ment influenc\u00e9 les principes de la naturopathie par ses enseignements sur l&rsquo;importance de l&rsquo;\u00e9quilibre du corps, de l&rsquo;esprit et de l&rsquo;environnement pour maintenir la sant\u00e9. Une de ces citations les plus c\u00e9l\u00e8bres, qui est souvent r\u00e9p\u00e9t\u00e9e en Naturopathie, est : [&hellip;]<\/p>\n","protected":false},"author":1,"featured_media":0,"parent":0,"menu_order":0,"comment_status":"closed","ping_status":"closed","template":"","meta":{"ocean_post_layout":"","ocean_both_sidebars_style":"","ocean_both_sidebars_content_width":0,"ocean_both_sidebars_sidebars_width":0,"ocean_sidebar":"","ocean_second_sidebar":"","ocean_disable_margins":"enable","ocean_add_body_class":"","ocean_shortcode_before_top_bar":"","ocean_shortcode_after_top_bar":"","ocean_shortcode_before_header":"","ocean_shortcode_after_header":"","ocean_has_shortcode":"","ocean_shortcode_after_title":"","ocean_shortcode_before_footer_widgets":"","ocean_shortcode_after_footer_widgets":"","ocean_shortcode_before_footer_bottom":"","ocean_shortcode_after_footer_bottom":"","ocean_display_top_bar":"default","ocean_display_header":"default","ocean_header_style":"","ocean_center_header_left_menu":"","ocean_custom_header_template":"","ocean_custom_logo":0,"ocean_custom_retina_logo":0,"ocean_custom_logo_max_width":0,"ocean_custom_logo_tablet_max_width":0,"ocean_custom_logo_mobile_max_width":0,"ocean_custom_logo_max_height":0,"ocean_custom_logo_tablet_max_height":0,"ocean_custom_logo_mobile_max_height":0,"ocean_header_custom_menu":"","ocean_menu_typo_font_family":"","ocean_menu_typo_font_subset":"","ocean_menu_typo_font_size":0,"ocean_menu_typo_font_size_tablet":0,"ocean_menu_typo_font_size_mobile":0,"ocean_menu_typo_font_size_unit":"px","ocean_menu_typo_font_weight":"","ocean_menu_typo_font_weight_tablet":"","ocean_menu_typo_font_weight_mobile":"","ocean_menu_typo_transform":"","ocean_menu_typo_transform_tablet":"","ocean_menu_typo_transform_mobile":"","ocean_menu_typo_line_height":0,"ocean_menu_typo_line_height_tablet":0,"ocean_menu_typo_line_height_mobile":0,"ocean_menu_typo_line_height_unit":"","ocean_menu_typo_spacing":0,"ocean_menu_typo_spacing_tablet":0,"ocean_menu_typo_spacing_mobile":0,"ocean_menu_typo_spacing_unit":"","ocean_menu_link_color":"","ocean_menu_link_color_hover":"","ocean_menu_link_color_active":"","ocean_menu_link_background":"","ocean_menu_link_hover_background":"","ocean_menu_link_active_background":"","ocean_menu_social_links_bg":"","ocean_menu_social_hover_links_bg":"","ocean_menu_social_links_color":"","ocean_menu_social_hover_links_color":"","ocean_disable_title":"default","ocean_disable_heading":"default","ocean_post_title":"","ocean_post_subheading":"","ocean_post_title_style":"","ocean_post_title_background_color":"","ocean_post_title_background":0,"ocean_post_title_bg_image_position":"","ocean_post_title_bg_image_attachment":"","ocean_post_title_bg_image_repeat":"","ocean_post_title_bg_image_size":"","ocean_post_title_height":0,"ocean_post_title_bg_overlay":0.5,"ocean_post_title_bg_overlay_color":"","ocean_disable_breadcrumbs":"default","ocean_breadcrumbs_color":"","ocean_breadcrumbs_separator_color":"","ocean_breadcrumbs_links_color":"","ocean_breadcrumbs_links_hover_color":"","ocean_display_footer_widgets":"default","ocean_display_footer_bottom":"default","ocean_custom_footer_template":"","footnotes":""},"class_list":["post-711","page","type-page","status-publish","hentry","entry"],"yoast_head":"<!-- This site is optimized with the Yoast SEO plugin v22.7 - https:\/\/yoast.com\/wordpress\/plugins\/seo\/ -->\n<title>Histoire de la Naturopathie - fannysensetnature<\/title>\n<meta name=\"description\" content=\"L&#039;histoire de la Naturopathie en d\u00e9couvrant ses origines et comment elle peut vous aider \u00e0 promouvoir un mieux \u00eatre au quotidien ...\" \/>\n<meta name=\"robots\" content=\"index, follow, max-snippet:-1, max-image-preview:large, max-video-preview:-1\" \/>\n<link rel=\"canonical\" href=\"https:\/\/fannysensetnature.com\/index.php\/histoire-de-la-naturopathie\/\" \/>\n<meta property=\"og:locale\" content=\"fr_FR\" \/>\n<meta property=\"og:type\" content=\"article\" \/>\n<meta property=\"og:title\" content=\"Histoire de la Naturopathie - fannysensetnature\" \/>\n<meta property=\"og:description\" content=\"L&#039;histoire de la Naturopathie en d\u00e9couvrant ses origines et comment elle peut vous aider \u00e0 promouvoir un mieux \u00eatre au quotidien ...\" \/>\n<meta property=\"og:url\" content=\"https:\/\/fannysensetnature.com\/index.php\/histoire-de-la-naturopathie\/\" \/>\n<meta property=\"og:site_name\" content=\"fannysensetnature\" \/>\n<meta property=\"article:modified_time\" content=\"2024-05-22T18:20:25+00:00\" \/>\n<meta property=\"og:image\" content=\"http:\/\/fannysensetnature.com\/wp-content\/uploads\/2024\/03\/image-hippocrate.webp\" \/>\n<meta name=\"twitter:card\" content=\"summary_large_image\" \/>\n<meta name=\"twitter:label1\" content=\"Dur\u00e9e de lecture estim\u00e9e\" \/>\n\t<meta name=\"twitter:data1\" content=\"2 minutes\" \/>\n<script type=\"application\/ld+json\" class=\"yoast-schema-graph\">{\"@context\":\"https:\/\/schema.org\",\"@graph\":[{\"@type\":\"WebPage\",\"@id\":\"https:\/\/fannysensetnature.com\/index.php\/histoire-de-la-naturopathie\/\",\"url\":\"https:\/\/fannysensetnature.com\/index.php\/histoire-de-la-naturopathie\/\",\"name\":\"Histoire de la Naturopathie - fannysensetnature\",\"isPartOf\":{\"@id\":\"https:\/\/fannysensetnature.com\/#website\"},\"primaryImageOfPage\":{\"@id\":\"https:\/\/fannysensetnature.com\/index.php\/histoire-de-la-naturopathie\/#primaryimage\"},\"image\":{\"@id\":\"https:\/\/fannysensetnature.com\/index.php\/histoire-de-la-naturopathie\/#primaryimage\"},\"thumbnailUrl\":\"http:\/\/fannysensetnature.com\/wp-content\/uploads\/2024\/03\/image-hippocrate.webp\",\"datePublished\":\"2024-03-04T19:54:45+00:00\",\"dateModified\":\"2024-05-22T18:20:25+00:00\",\"description\":\"L'histoire de la Naturopathie en d\u00e9couvrant ses origines et comment elle peut vous aider \u00e0 promouvoir un mieux \u00eatre au quotidien ...\",\"breadcrumb\":{\"@id\":\"https:\/\/fannysensetnature.com\/index.php\/histoire-de-la-naturopathie\/#breadcrumb\"},\"inLanguage\":\"fr-FR\",\"potentialAction\":[{\"@type\":\"ReadAction\",\"target\":[\"https:\/\/fannysensetnature.com\/index.php\/histoire-de-la-naturopathie\/\"]}]},{\"@type\":\"ImageObject\",\"inLanguage\":\"fr-FR\",\"@id\":\"https:\/\/fannysensetnature.com\/index.php\/histoire-de-la-naturopathie\/#primaryimage\",\"url\":\"http:\/\/fannysensetnature.com\/wp-content\/uploads\/2024\/03\/image-hippocrate.webp\",\"contentUrl\":\"http:\/\/fannysensetnature.com\/wp-content\/uploads\/2024\/03\/image-hippocrate.webp\"},{\"@type\":\"BreadcrumbList\",\"@id\":\"https:\/\/fannysensetnature.com\/index.php\/histoire-de-la-naturopathie\/#breadcrumb\",\"itemListElement\":[{\"@type\":\"ListItem\",\"position\":1,\"name\":\"Accueil\",\"item\":\"https:\/\/fannysensetnature.com\/\"},{\"@type\":\"ListItem\",\"position\":2,\"name\":\"Histoire de la Naturopathie\"}]},{\"@type\":\"WebSite\",\"@id\":\"https:\/\/fannysensetnature.com\/#website\",\"url\":\"https:\/\/fannysensetnature.com\/\",\"name\":\"fannysensetnature\",\"description\":\"La Naturopathie &amp; la Sophrologie dans votre quotidien !\",\"publisher\":{\"@id\":\"https:\/\/fannysensetnature.com\/#organization\"},\"potentialAction\":[{\"@type\":\"SearchAction\",\"target\":{\"@type\":\"EntryPoint\",\"urlTemplate\":\"https:\/\/fannysensetnature.com\/?s={search_term_string}\"},\"query-input\":\"required name=search_term_string\"}],\"inLanguage\":\"fr-FR\"},{\"@type\":\"Organization\",\"@id\":\"https:\/\/fannysensetnature.com\/#organization\",\"name\":\"fannysensetnature\",\"url\":\"https:\/\/fannysensetnature.com\/\",\"logo\":{\"@type\":\"ImageObject\",\"inLanguage\":\"fr-FR\",\"@id\":\"https:\/\/fannysensetnature.com\/#\/schema\/logo\/image\/\",\"url\":\"https:\/\/fannysensetnature.com\/wp-content\/uploads\/2024\/02\/cropped-logo-Sens-et-Nature.png\",\"contentUrl\":\"https:\/\/fannysensetnature.com\/wp-content\/uploads\/2024\/02\/cropped-logo-Sens-et-Nature.png\",\"width\":500,\"height\":261,\"caption\":\"fannysensetnature\"},\"image\":{\"@id\":\"https:\/\/fannysensetnature.com\/#\/schema\/logo\/image\/\"}}]}<\/script>\n<!-- \/ Yoast SEO plugin. -->","yoast_head_json":{"title":"Histoire de la Naturopathie - fannysensetnature","description":"L'histoire de la Naturopathie en d\u00e9couvrant ses origines et comment elle peut vous aider \u00e0 promouvoir un mieux \u00eatre au quotidien ...","robots":{"index":"index","follow":"follow","max-snippet":"max-snippet:-1","max-image-preview":"max-image-preview:large","max-video-preview":"max-video-preview:-1"},"canonical":"https:\/\/fannysensetnature.com\/index.php\/histoire-de-la-naturopathie\/","og_locale":"fr_FR","og_type":"article","og_title":"Histoire de la Naturopathie - fannysensetnature","og_description":"L'histoire de la Naturopathie en d\u00e9couvrant ses origines et comment elle peut vous aider \u00e0 promouvoir un mieux \u00eatre au quotidien ...","og_url":"https:\/\/fannysensetnature.com\/index.php\/histoire-de-la-naturopathie\/","og_site_name":"fannysensetnature","article_modified_time":"2024-05-22T18:20:25+00:00","og_image":[{"url":"http:\/\/fannysensetnature.com\/wp-content\/uploads\/2024\/03\/image-hippocrate.webp"}],"twitter_card":"summary_large_image","twitter_misc":{"Dur\u00e9e de lecture estim\u00e9e":"2 minutes"},"schema":{"@context":"https:\/\/schema.org","@graph":[{"@type":"WebPage","@id":"https:\/\/fannysensetnature.com\/index.php\/histoire-de-la-naturopathie\/","url":"https:\/\/fannysensetnature.com\/index.php\/histoire-de-la-naturopathie\/","name":"Histoire de la Naturopathie - fannysensetnature","isPartOf":{"@id":"https:\/\/fannysensetnature.com\/#website"},"primaryImageOfPage":{"@id":"https:\/\/fannysensetnature.com\/index.php\/histoire-de-la-naturopathie\/#primaryimage"},"image":{"@id":"https:\/\/fannysensetnature.com\/index.php\/histoire-de-la-naturopathie\/#primaryimage"},"thumbnailUrl":"http:\/\/fannysensetnature.com\/wp-content\/uploads\/2024\/03\/image-hippocrate.webp","datePublished":"2024-03-04T19:54:45+00:00","dateModified":"2024-05-22T18:20:25+00:00","description":"L'histoire de la Naturopathie en d\u00e9couvrant ses origines et comment elle peut vous aider \u00e0 promouvoir un mieux \u00eatre au quotidien ...","breadcrumb":{"@id":"https:\/\/fannysensetnature.com\/index.php\/histoire-de-la-naturopathie\/#breadcrumb"},"inLanguage":"fr-FR","potentialAction":[{"@type":"ReadAction","target":["https:\/\/fannysensetnature.com\/index.php\/histoire-de-la-naturopathie\/"]}]},{"@type":"ImageObject","inLanguage":"fr-FR","@id":"https:\/\/fannysensetnature.com\/index.php\/histoire-de-la-naturopathie\/#primaryimage","url":"http:\/\/fannysensetnature.com\/wp-content\/uploads\/2024\/03\/image-hippocrate.webp","contentUrl":"http:\/\/fannysensetnature.com\/wp-content\/uploads\/2024\/03\/image-hippocrate.webp"},{"@type":"BreadcrumbList","@id":"https:\/\/fannysensetnature.com\/index.php\/histoire-de-la-naturopathie\/#breadcrumb","itemListElement":[{"@type":"ListItem","position":1,"name":"Accueil","item":"https:\/\/fannysensetnature.com\/"},{"@type":"ListItem","position":2,"name":"Histoire de la Naturopathie"}]},{"@type":"WebSite","@id":"https:\/\/fannysensetnature.com\/#website","url":"https:\/\/fannysensetnature.com\/","name":"fannysensetnature","description":"La Naturopathie &amp; la Sophrologie dans votre quotidien !","publisher":{"@id":"https:\/\/fannysensetnature.com\/#organization"},"potentialAction":[{"@type":"SearchAction","target":{"@type":"EntryPoint","urlTemplate":"https:\/\/fannysensetnature.com\/?s={search_term_string}"},"query-input":"required name=search_term_string"}],"inLanguage":"fr-FR"},{"@type":"Organization","@id":"https:\/\/fannysensetnature.com\/#organization","name":"fannysensetnature","url":"https:\/\/fannysensetnature.com\/","logo":{"@type":"ImageObject","inLanguage":"fr-FR","@id":"https:\/\/fannysensetnature.com\/#\/schema\/logo\/image\/","url":"https:\/\/fannysensetnature.com\/wp-content\/uploads\/2024\/02\/cropped-logo-Sens-et-Nature.png","contentUrl":"https:\/\/fannysensetnature.com\/wp-content\/uploads\/2024\/02\/cropped-logo-Sens-et-Nature.png","width":500,"height":261,"caption":"fannysensetnature"},"image":{"@id":"https:\/\/fannysensetnature.com\/#\/schema\/logo\/image\/"}}]}},"jetpack_sharing_enabled":true,"_links":{"self":[{"href":"https:\/\/fannysensetnature.com\/index.php\/wp-json\/wp\/v2\/pages\/711","targetHints":{"allow":["GET"]}}],"collection":[{"href":"https:\/\/fannysensetnature.com\/index.php\/wp-json\/wp\/v2\/pages"}],"about":[{"href":"https:\/\/fannysensetnature.com\/index.php\/wp-json\/wp\/v2\/types\/page"}],"author":[{"embeddable":true,"href":"https:\/\/fannysensetnature.com\/index.php\/wp-json\/wp\/v2\/users\/1"}],"replies":[{"embeddable":true,"href":"https:\/\/fannysensetnature.com\/index.php\/wp-json\/wp\/v2\/comments?post=711"}],"version-history":[{"count":22,"href":"https:\/\/fannysensetnature.com\/index.php\/wp-json\/wp\/v2\/pages\/711\/revisions"}],"predecessor-version":[{"id":736,"href":"https:\/\/fannysensetnature.com\/index.php\/wp-json\/wp\/v2\/pages\/711\/revisions\/736"}],"wp:attachment":[{"href":"https:\/\/fannysensetnature.com\/index.php\/wp-json\/wp\/v2\/media?parent=711"}],"curies":[{"name":"wp","href":"https:\/\/api.w.org\/{rel}","templated":true}]}}